{"id":280,"date":"2026-02-20T14:45:51","date_gmt":"2026-02-20T14:45:51","guid":{"rendered":"https:\/\/la-reproduction-des-saigas.com\/?page_id=280"},"modified":"2026-04-02T14:45:38","modified_gmt":"2026-04-02T14:45:38","slug":"qui-sommes-nous","status":"publish","type":"page","link":"https:\/\/la-reproduction-des-saigas.com\/index.php\/qui-sommes-nous\/","title":{"rendered":"Qui sommes-nous?"},"content":{"rendered":"\t\t<div data-elementor-type=\"wp-page\" data-elementor-id=\"280\" class=\"elementor elementor-280\">\n\t\t\t\t<div class=\"elementor-element elementor-element-190511b2 e-flex e-con-boxed e-con e-parent\" data-id=\"190511b2\" data-element_type=\"container\" data-e-type=\"container\">\n\t\t\t\t\t<div class=\"e-con-inner\">\n\t\t\t\t<div class=\"elementor-element elementor-element-27e331f elementor-widget elementor-widget-heading\" data-id=\"27e331f\" data-element_type=\"widget\" data-e-type=\"widget\" data-widget_type=\"heading.default\">\n\t\t\t\t\t<h2 class=\"elementor-heading-title elementor-size-default\"><span style=\"font-weight:normal\" id=\"docs-internal-guid-039eb15f-7fff-03f4-e183-aba44b0e55f7\"><span style=\"font-size: 17pt;font-family: Arial, sans-serif;background-color: transparent;font-weight: 700;vertical-align: baseline\">Notre Vision : Faire rayonner l'ic\u00f4ne de l'Asie Centrale<\/span><\/span><\/h2>\t\t\t\t<\/div>\n\t\t\t\t<div class=\"elementor-element elementor-element-4f5c681e elementor-widget elementor-widget-text-editor\" data-id=\"4f5c681e\" data-element_type=\"widget\" data-e-type=\"widget\" data-widget_type=\"text-editor.default\">\n\t\t\t\t\t\t\t\t\t<p><\/p>\n<p dir=\"ltr\" style=\"line-height: 1.38; margin-top: 12pt; margin-bottom: 12pt;\"><span style=\"font-size: 11pt; font-family: Arial,sans-serif; color: #000000; background-color: transparent; font-weight: 400; font-style: normal; font-variant: normal; text-decoration: none; vertical-align: baseline; white-space: pre-wrap;\">Bienvenue sur le portail de r\u00e9f\u00e9rence d\u00e9di\u00e9 au Sa\u00efga. Nous sommes un collectif de naturalistes, de r\u00e9dacteurs scientifiques et de d\u00e9fenseurs de la cause animale unis par une fascination commune pour ce survivant de la p\u00e9riode glaciaire.<\/span><\/p>\n<p><span id=\"docs-internal-guid-cbfcd202-7fff-6ba1-b3e0-5baf16530193\"><span style=\"font-size: 11pt; font-family: Arial, sans-serif; color: #000000; background-color: transparent; font-variant-numeric: normal; font-variant-east-asian: normal; font-variant-alternates: normal; font-variant-position: normal; font-variant-emoji: normal; vertical-align: baseline; white-space-collapse: preserve;\">Notre mission est simple mais vitale : <\/span><span style=\"font-size: 11pt; font-family: Arial, sans-serif; color: #000000; background-color: transparent; font-weight: bold; font-variant-numeric: normal; font-variant-east-asian: normal; font-variant-alternates: normal; font-variant-position: normal; font-variant-emoji: normal; vertical-align: baseline; white-space-collapse: preserve;\">informer pour prot\u00e9ger<\/span><span style=\"font-size: 11pt; font-family: Arial, sans-serif; color: #000000; background-color: transparent; font-variant-numeric: normal; font-variant-east-asian: normal; font-variant-alternates: normal; font-variant-position: normal; font-variant-emoji: normal; vertical-align: baseline; white-space-collapse: preserve;\">. Dans un monde o\u00f9 la biodiversit\u00e9 s&rsquo;efface, le Sa\u00efga reste un symbole de r\u00e9silience, mais aussi de fragilit\u00e9. \u00c0 travers ce site, nous souhaitons offrir au public francophone une ressource documentaire compl\u00e8te, pr\u00e9cise et actualis\u00e9e sur cet ongul\u00e9 hors du commun.<\/span><\/span><\/p>\n<p><!-- \/wp:kubio\/section --><\/p>\t\t\t\t\t\t\t\t<\/div>\n\t\t\t\t<div class=\"elementor-element elementor-element-5f06b45 elementor-widget elementor-widget-heading\" data-id=\"5f06b45\" data-element_type=\"widget\" data-e-type=\"widget\" data-widget_type=\"heading.default\">\n\t\t\t\t\t<h2 class=\"elementor-heading-title elementor-size-default\"><span style=\"font-weight:normal\" id=\"docs-internal-guid-21da85c4-7fff-9b0f-0b2d-0ab110d97fe5\"><span style=\"font-size: 17pt;font-family: Arial, sans-serif;background-color: transparent;font-weight: 700;vertical-align: baseline\">Pourquoi nous nous battons pour le Sa\u00efga<\/span><\/span><\/h2>\t\t\t\t<\/div>\n\t\t\t\t<div class=\"elementor-element elementor-element-bcd9562 elementor-widget elementor-widget-text-editor\" data-id=\"bcd9562\" data-element_type=\"widget\" data-e-type=\"widget\" data-widget_type=\"text-editor.default\">\n\t\t\t\t\t\t\t\t\t<p dir=\"ltr\" style=\"line-height: 1.38; margin-top: 12pt; margin-bottom: 12pt;\"><span style=\"font-size: 11pt; font-family: Arial,sans-serif; color: #000000; background-color: transparent; font-weight: 400; font-style: normal; font-variant: normal; text-decoration: none; vertical-align: baseline; white-space: pre-wrap;\">Le Sa\u00efga n&rsquo;est pas seulement une curiosit\u00e9 biologique avec son nez en forme de trompe. C&rsquo;est une <\/span><span style=\"font-size: 11pt; font-family: Arial,sans-serif; color: #000000; background-color: transparent; font-weight: bold; font-style: normal; font-variant: normal; text-decoration: none; vertical-align: baseline; white-space: pre-wrap;\">esp\u00e8ce cl\u00e9 de vo\u00fbte<\/span><span style=\"font-size: 11pt; font-family: Arial,sans-serif; color: #000000; background-color: transparent; font-weight: 400; font-style: normal; font-variant: normal; text-decoration: none; vertical-align: baseline; white-space: pre-wrap;\"> des steppes eurasiennes.<\/span><\/p>\n<ul style=\"margin-top: 0; margin-bottom: 0; padding-inline-start: 48px;\">\n<li dir=\"ltr\" style=\"list-style-type: disc; font-size: 11pt; font-family: Arial,sans-serif; color: #000000; background-color: transparent; font-weight: 400; font-style: normal; font-variant: normal; text-decoration: none; vertical-align: baseline; white-space: pre;\" aria-level=\"1\"><p dir=\"ltr\" style=\"line-height: 1.38; margin-top: 12pt; margin-bottom: 0pt;\" role=\"presentation\"><span style=\"font-size: 11pt; font-family: Arial,sans-serif; color: #000000; background-color: transparent; font-weight: bold; font-style: normal; font-variant: normal; text-decoration: none; vertical-align: baseline; white-space: pre-wrap;\">\u00c9ducation :<\/span><span style=\"font-size: 11pt; font-family: Arial,sans-serif; color: #000000; background-color: transparent; font-weight: 400; font-style: normal; font-variant: normal; text-decoration: none; vertical-align: baseline; white-space: pre-wrap;\"> Nous croyons que la connaissance est la premi\u00e8re arme contre l&rsquo;extinction. En comprenant son cycle de reproduction et ses besoins migratoires, nous pouvons mieux le d\u00e9fendre.<\/span><\/p>\n<\/li>\n<li dir=\"ltr\" style=\"list-style-type: disc; font-size: 11pt; font-family: Arial,sans-serif; color: #000000; background-color: transparent; font-weight: 400; font-style: normal; font-variant: normal; text-decoration: none; vertical-align: baseline; white-space: pre;\" aria-level=\"1\"><p dir=\"ltr\" style=\"line-height: 1.38; margin-top: 0pt; margin-bottom: 12pt;\" role=\"presentation\"><span style=\"font-size: 11pt; font-family: Arial,sans-serif; color: #000000; background-color: transparent; font-weight: bold; font-style: normal; font-variant: normal; text-decoration: none; vertical-align: baseline; white-space: pre-wrap;\">Sensibilisation :<\/span><span style=\"font-size: 11pt; font-family: Arial,sans-serif; color: #000000; background-color: transparent; font-weight: 400; font-style: normal; font-variant: normal; text-decoration: none; vertical-align: baseline; white-space: pre-wrap;\"> Nous mettons en lumi\u00e8re les r\u00e9alit\u00e9s du terrain : du courage des rangers anti-braconnage aux d\u00e9fis pos\u00e9s par le changement climatique.<\/span><\/p>\n<\/li>\n<\/ul>\n<p><span id=\"docs-internal-guid-0b608fa6-7fff-0bf2-2ef0-e48f3d922b12\"><span style=\"font-size: 11pt; font-family: Arial, sans-serif; color: #000000; background-color: transparent; font-weight: bold; font-variant-numeric: normal; font-variant-east-asian: normal; font-variant-alternates: normal; font-variant-position: normal; font-variant-emoji: normal; vertical-align: baseline; white-space-collapse: preserve;\">Action :<\/span><span style=\"font-size: 11pt; font-family: Arial, sans-serif; color: #000000; background-color: transparent; font-variant-numeric: normal; font-variant-east-asian: normal; font-variant-alternates: normal; font-variant-position: normal; font-variant-emoji: normal; vertical-align: baseline; white-space-collapse: preserve;\"> Nous servons de relais d&rsquo;information pour les grandes organisations internationales de conservation (UICN, Saiga Conservation Alliance) afin de mobiliser les consciences.<\/span><\/span><\/p>\t\t\t\t\t\t\t\t<\/div>\n\t\t\t\t<div class=\"elementor-element elementor-element-c2fd392 elementor-widget elementor-widget-heading\" data-id=\"c2fd392\" data-element_type=\"widget\" data-e-type=\"widget\" data-widget_type=\"heading.default\">\n\t\t\t\t\t<h2 class=\"elementor-heading-title elementor-size-default\"><span style=\"font-weight:normal\" id=\"docs-internal-guid-f47c2617-7fff-5faf-b0e0-41249de9992d\"><span style=\"font-size: 17pt;font-family: Arial, sans-serif;background-color: transparent;font-weight: 700;vertical-align: baseline\">Notre Engagement \u00c9ditorial<\/span><\/span><\/h2>\t\t\t\t<\/div>\n\t\t\t\t<div class=\"elementor-element elementor-element-8191c92 elementor-widget elementor-widget-text-editor\" data-id=\"8191c92\" data-element_type=\"widget\" data-e-type=\"widget\" data-widget_type=\"text-editor.default\">\n\t\t\t\t\t\t\t\t\t<p dir=\"ltr\" style=\"line-height: 1.38; margin-top: 12pt; margin-bottom: 12pt;\"><span style=\"font-size: 11pt; font-family: Arial,sans-serif; color: #000000; background-color: transparent; font-weight: 400; font-style: normal; font-variant: normal; text-decoration: none; vertical-align: baseline; white-space: pre-wrap;\">En tant que plateforme d&rsquo;information, nous nous imposons une rigueur absolue :<\/span><\/p>\n<p><\/p>\n<ol style=\"margin-top: 0; margin-bottom: 0; padding-inline-start: 48px;\">\n<li dir=\"ltr\" style=\"list-style-type: decimal; font-size: 11pt; font-family: Arial, sans-serif; color: #000000; background-color: transparent; font-style: normal; font-variant: normal; text-decoration: none; vertical-align: baseline; white-space-collapse: preserve;\" aria-level=\"1\"><p dir=\"ltr\" style=\"line-height: 1.38; margin-top: 12pt; margin-bottom: 0pt;\" role=\"presentation\"><span style=\"font-weight: bold; white-space: pre-wrap; font-size: 11pt; font-family: Arial, sans-serif; color: #000000; background-color: transparent; font-style: normal; font-variant: normal; text-decoration: none; vertical-align: baseline;\">Rigueur Scientifique :<\/span><span style=\"font-weight: 400; white-space: pre-wrap; font-size: 11pt; font-family: Arial, sans-serif; color: #000000; background-color: transparent; font-style: normal; font-variant: normal; text-decoration: none; vertical-align: baseline;\"> Toutes nos donn\u00e9es sur les populations, la biologie et les menaces sont sourc\u00e9es aupr\u00e8s des derniers rapports d&rsquo;experts mondiaux.<\/span><\/p>\n<\/li>\n<li dir=\"ltr\" style=\"list-style-type: decimal; font-size: 11pt; font-family: Arial,sans-serif; color: #000000; background-color: transparent; font-weight: 400; font-style: normal; font-variant: normal; text-decoration: none; vertical-align: baseline; white-space: pre;\" aria-level=\"1\"><p dir=\"ltr\" style=\"line-height: 1.38; margin-top: 0pt; margin-bottom: 0pt;\" role=\"presentation\"><span style=\"font-size: 11pt; font-family: Arial,sans-serif; color: #000000; background-color: transparent; font-weight: bold; font-style: normal; font-variant: normal; text-decoration: none; vertical-align: baseline; white-space: pre-wrap;\">Transparence :<\/span><span style=\"font-size: 11pt; font-family: Arial,sans-serif; color: #000000; background-color: transparent; font-weight: 400; font-style: normal; font-variant: normal; text-decoration: none; vertical-align: baseline; white-space: pre-wrap;\"> Nous traitons les sujets sensibles, comme le braconnage pour la m\u00e9decine traditionnelle, avec objectivit\u00e9 et sans tabou.<\/span><\/p>\n<\/li>\n<li dir=\"ltr\" style=\"list-style-type: decimal; font-size: 11pt; font-family: Arial,sans-serif; color: #000000; background-color: transparent; font-weight: 400; font-style: normal; font-variant: normal; text-decoration: none; vertical-align: baseline; white-space: pre;\" aria-level=\"1\"><p dir=\"ltr\" style=\"line-height: 1.38; margin-top: 0pt; margin-bottom: 12pt;\" role=\"presentation\"><span style=\"font-size: 11pt; font-family: Arial,sans-serif; color: #000000; background-color: transparent; font-weight: bold; font-style: normal; font-variant: normal; text-decoration: none; vertical-align: baseline; white-space: pre-wrap;\">Actualit\u00e9 :<\/span><span style=\"font-size: 11pt; font-family: Arial,sans-serif; color: #000000; background-color: transparent; font-weight: 400; font-style: normal; font-variant: normal; text-decoration: none; vertical-align: baseline; white-space: pre-wrap;\"> Nous suivons de pr\u00e8s les \u00e9pizooties et les recensements annuels pour vous livrer une vision en temps r\u00e9el de l&rsquo;\u00e9tat de l&rsquo;esp\u00e8ce.<\/span><\/p>\n<\/li>\n<\/ol>\t\t\t\t\t\t\t\t<\/div>\n\t\t\t\t<div class=\"elementor-element elementor-element-2df9e59 elementor-widget elementor-widget-heading\" data-id=\"2df9e59\" data-element_type=\"widget\" data-e-type=\"widget\" data-widget_type=\"heading.default\">\n\t\t\t\t\t<h2 class=\"elementor-heading-title elementor-size-default\"><span style=\"font-weight:normal\" id=\"docs-internal-guid-99a1b002-7fff-2981-a586-4add1ec05d64\"><span style=\"font-size: 17pt;font-family: Arial, sans-serif;background-color: transparent;font-weight: 700;vertical-align: baseline\">Rejoignez l'Aventure<\/span><\/span><\/h2>\t\t\t\t<\/div>\n\t\t\t\t<div class=\"elementor-element elementor-element-0b6f43b elementor-widget elementor-widget-text-editor\" data-id=\"0b6f43b\" data-element_type=\"widget\" data-e-type=\"widget\" data-widget_type=\"text-editor.default\">\n\t\t\t\t\t\t\t\t\t<p dir=\"ltr\" style=\"line-height: 1.38; margin-top: 12pt; margin-bottom: 12pt;\"><span style=\"font-size: 11pt; font-family: Arial,sans-serif; color: #000000; background-color: transparent; font-weight: 400; font-style: normal; font-variant: normal; text-decoration: none; vertical-align: baseline; white-space: pre-wrap;\">Ce site n&rsquo;est que le d\u00e9but. La sauvegarde du Sa\u00efga est un effort collectif qui d\u00e9passe les fronti\u00e8res du Kazakhstan ou de la Mongolie. En consultant nos pages, en partageant nos articles et en vous informant sur les menaces qui p\u00e8sent sur la steppe, vous devenez, vous aussi, un acteur de sa survie.<\/span><\/p>\n<p>\u00a0<\/p>\n<p dir=\"ltr\" style=\"line-height: 1.38; margin-top: 12pt; margin-bottom: 12pt;\"><span style=\"font-size: 11pt; font-family: Arial,sans-serif; color: #000000; background-color: transparent; font-weight: bold; font-style: normal; font-variant: normal; text-decoration: none; vertical-align: baseline; white-space: pre-wrap;\">Ensemble, emp\u00eachons que le dernier grand migrateur des steppes ne devienne qu&rsquo;un souvenir dans les livres d&rsquo;histoire.<\/span><\/p>\t\t\t\t\t\t\t\t<\/div>\n\t\t\t\t\t<\/div>\n\t\t\t\t<\/div>\n\t\t\t\t<\/div>\n\t\t","protected":false},"excerpt":{"rendered":"<p>Notre Vision : Faire rayonner l&rsquo;ic\u00f4ne de l&rsquo;Asie Centrale Pourquoi nous nous battons pour le Sa\u00efga Le Sa\u00efga n&rsquo;est pas seulement une curiosit\u00e9 biologique avec son nez en forme de trompe. C&rsquo;est une esp\u00e8ce cl\u00e9 de vo\u00fbte des steppes eurasiennes. \u00c9ducation : Nous croyons que la connaissance est la premi\u00e8re arme contre l&rsquo;extinction. En comprenant [&hellip;]<\/p>\n","protected":false},"author":1,"featured_media":83,"parent":0,"menu_order":0,"comment_status":"closed","ping_status":"closed","template":"","meta":{"footnotes":""},"class_list":["post-280","page","type-page","status-publish","has-post-thumbnail","hentry"],"_links":{"self":[{"href":"https:\/\/la-reproduction-des-saigas.com\/index.php\/wp-json\/wp\/v2\/pages\/280","targetHints":{"allow":["GET"]}}],"collection":[{"href":"https:\/\/la-reproduction-des-saigas.com\/index.php\/wp-json\/wp\/v2\/pages"}],"about":[{"href":"https:\/\/la-reproduction-des-saigas.com\/index.php\/wp-json\/wp\/v2\/types\/page"}],"author":[{"embeddable":true,"href":"https:\/\/la-reproduction-des-saigas.com\/index.php\/wp-json\/wp\/v2\/users\/1"}],"replies":[{"embeddable":true,"href":"https:\/\/la-reproduction-des-saigas.com\/index.php\/wp-json\/wp\/v2\/comments?post=280"}],"version-history":[{"count":15,"href":"https:\/\/la-reproduction-des-saigas.com\/index.php\/wp-json\/wp\/v2\/pages\/280\/revisions"}],"predecessor-version":[{"id":477,"href":"https:\/\/la-reproduction-des-saigas.com\/index.php\/wp-json\/wp\/v2\/pages\/280\/revisions\/477"}],"wp:featuredmedia":[{"embeddable":true,"href":"https:\/\/la-reproduction-des-saigas.com\/index.php\/wp-json\/wp\/v2\/media\/83"}],"wp:attachment":[{"href":"https:\/\/la-reproduction-des-saigas.com\/index.php\/wp-json\/wp\/v2\/media?parent=280"}],"curies":[{"name":"wp","href":"https:\/\/api.w.org\/{rel}","templated":true}]}}