{"id":270,"date":"2026-02-20T14:42:07","date_gmt":"2026-02-20T14:42:07","guid":{"rendered":"https:\/\/la-reproduction-des-saigas.com\/?page_id=270"},"modified":"2026-04-02T14:42:55","modified_gmt":"2026-04-02T14:42:55","slug":"menaces","status":"publish","type":"page","link":"https:\/\/la-reproduction-des-saigas.com\/index.php\/menaces\/","title":{"rendered":"Menaces"},"content":{"rendered":"\t\t<div data-elementor-type=\"wp-page\" data-elementor-id=\"270\" class=\"elementor elementor-270\">\n\t\t\t\t<div class=\"elementor-element elementor-element-7f2f4b2 e-flex e-con-boxed e-con e-parent\" data-id=\"7f2f4b2\" data-element_type=\"container\" data-e-type=\"container\">\n\t\t\t\t\t<div class=\"e-con-inner\">\n\t\t<div class=\"elementor-element elementor-element-dec01b8 e-con-full e-flex e-con e-child\" data-id=\"dec01b8\" data-element_type=\"container\" data-e-type=\"container\">\n\t\t\t\t<div class=\"elementor-element elementor-element-b10e6f2 elementor-widget elementor-widget-text-editor\" data-id=\"b10e6f2\" data-element_type=\"widget\" data-e-type=\"widget\" data-widget_type=\"text-editor.default\">\n\t\t\t\t\t\t\t\t\t<p><span style=\"caret-color: rgb(0, 0, 0); color: rgb(0, 0, 0); font-size: medium;\">Le sa\u00efga (<\/span><i data-path-to-node=\"4\" data-index-in-node=\"10\" style=\"caret-color: rgb(0, 0, 0); color: rgb(0, 0, 0);\">Saiga tatarica<\/i><span style=\"caret-color: rgb(0, 0, 0); color: rgb(0, 0, 0); font-size: medium;\">) est actuellement class\u00e9&nbsp;<\/span><b data-path-to-node=\"4\" data-index-in-node=\"50\" style=\"caret-color: rgb(0, 0, 0); color: rgb(0, 0, 0);\">\u00ab\u00a0En danger\u00a0\u00bb<\/b><span style=\"caret-color: rgb(0, 0, 0); color: rgb(0, 0, 0); font-size: medium;\">&nbsp;(et a longtemps \u00e9t\u00e9 en danger critique d&rsquo;extinction) par l&rsquo;UICN. Sa survie ne tient qu&rsquo;\u00e0 un fil face \u00e0 trois menaces majeures qui agissent souvent de concert.<\/span><br><\/p>\t\t\t\t\t\t\t\t<\/div>\n\t\t\t\t<\/div>\n\t\t<div class=\"elementor-element elementor-element-06abc8a e-con-full e-flex e-con e-child\" data-id=\"06abc8a\" data-element_type=\"container\" data-e-type=\"container\">\n\t\t\t\t<div class=\"elementor-element elementor-element-08404cc elementor-widget elementor-widget-image\" data-id=\"08404cc\" data-element_type=\"widget\" data-e-type=\"widget\" data-widget_type=\"image.default\">\n\t\t\t\t\t\t\t\t\t\t\t\t\t\t\t<img fetchpriority=\"high\" decoding=\"async\" width=\"1000\" height=\"562\" src=\"https:\/\/la-reproduction-des-saigas.com\/wp-content\/uploads\/2026\/02\/saiga-david-oconnor-running-edited.jpg\" class=\"attachment-full size-full wp-image-94\" alt=\"\" srcset=\"https:\/\/la-reproduction-des-saigas.com\/wp-content\/uploads\/2026\/02\/saiga-david-oconnor-running-edited.jpg 1000w, https:\/\/la-reproduction-des-saigas.com\/wp-content\/uploads\/2026\/02\/saiga-david-oconnor-running-edited-300x169.jpg 300w, https:\/\/la-reproduction-des-saigas.com\/wp-content\/uploads\/2026\/02\/saiga-david-oconnor-running-edited-768x432.jpg 768w\" sizes=\"(max-width: 1000px) 100vw, 1000px\" \/>\t\t\t\t\t\t\t\t\t\t\t\t\t\t\t<\/div>\n\t\t\t\t<\/div>\n\t\t\t\t\t<\/div>\n\t\t\t\t<\/div>\n\t\t<div class=\"elementor-element elementor-element-fc7110c e-flex e-con-boxed e-con e-parent\" data-id=\"fc7110c\" data-element_type=\"container\" data-e-type=\"container\">\n\t\t\t\t\t<div class=\"e-con-inner\">\n\t\t\t\t\t<\/div>\n\t\t\t\t<\/div>\n\t\t<div class=\"elementor-element elementor-element-52faf21 e-flex e-con-boxed e-con e-parent\" data-id=\"52faf21\" data-element_type=\"container\" data-e-type=\"container\">\n\t\t\t\t\t<div class=\"e-con-inner\">\n\t\t\t\t<div class=\"elementor-element elementor-element-807a3bc elementor-widget elementor-widget-video\" data-id=\"807a3bc\" data-element_type=\"widget\" data-e-type=\"widget\" data-settings=\"{&quot;youtube_url&quot;:&quot;https:\\\/\\\/www.youtube.com\\\/watch?v=javqmExO7Vs&quot;,&quot;video_type&quot;:&quot;youtube&quot;,&quot;controls&quot;:&quot;yes&quot;}\" data-widget_type=\"video.default\">\n\t\t\t\t\t\t\t<div class=\"elementor-wrapper elementor-open-inline\">\n\t\t\t<div class=\"elementor-video\"><\/div>\t\t<\/div>\n\t\t\t\t\t\t<\/div>\n\t\t\t\t\t<\/div>\n\t\t\t\t<\/div>\n\t\t<div class=\"elementor-element elementor-element-a5dcb6f e-flex e-con-boxed e-con e-parent\" data-id=\"a5dcb6f\" data-element_type=\"container\" data-e-type=\"container\">\n\t\t\t\t\t<div class=\"e-con-inner\">\n\t\t<div class=\"elementor-element elementor-element-ac24905 e-con-full e-flex e-con e-child\" data-id=\"ac24905\" data-element_type=\"container\" data-e-type=\"container\">\n\t\t\t\t<div class=\"elementor-element elementor-element-1f529ea elementor-widget elementor-widget-heading\" data-id=\"1f529ea\" data-element_type=\"widget\" data-e-type=\"widget\" data-widget_type=\"heading.default\">\n\t\t\t\t\t<h5 class=\"elementor-heading-title elementor-size-default\"><b><span style=\"white-space: normal;font-size: medium\">Le Braconnage le poids des traditions<\/span><\/b><\/h5>\t\t\t\t<\/div>\n\t\t\t\t<\/div>\n\t\t\t\t\t<\/div>\n\t\t\t\t<\/div>\n\t\t<div class=\"elementor-element elementor-element-465c0c3 e-flex e-con-boxed e-con e-parent\" data-id=\"465c0c3\" data-element_type=\"container\" data-e-type=\"container\">\n\t\t\t\t\t<div class=\"e-con-inner\">\n\t\t<div class=\"elementor-element elementor-element-c4120fa e-con-full e-flex e-con e-child\" data-id=\"c4120fa\" data-element_type=\"container\" data-e-type=\"container\">\n\t\t\t\t<div class=\"elementor-element elementor-element-eabd904 elementor-widget elementor-widget-text-editor\" data-id=\"eabd904\" data-element_type=\"widget\" data-e-type=\"widget\" data-widget_type=\"text-editor.default\">\n\t\t\t\t\t\t\t\t\t<p data-path-to-node=\"7\" style=\"caret-color: rgb(0, 0, 0); color: rgb(0, 0, 0);\">Le braconnage n&rsquo;est pas qu&rsquo;une question de viande, c&rsquo;est avant tout un trafic international.<\/p><ul data-path-to-node=\"8\" style=\"caret-color: rgb(0, 0, 0); color: rgb(0, 0, 0);\"><li><p data-path-to-node=\"8,0,0\"><b data-path-to-node=\"8,0,0\" data-index-in-node=\"0\">Le probl\u00e8me :<\/b>&nbsp;Seuls les m\u00e2les portent des cornes. Elles sont extr\u00eamement pris\u00e9es par la&nbsp;<b data-path-to-node=\"8,0,0\" data-index-in-node=\"88\">m\u00e9decine traditionnelle chinoise<\/b>&nbsp;pour leurs pr\u00e9tendues vertus f\u00e9brifuges (contre la fi\u00e8vre).<\/p><\/li><\/ul>\t\t\t\t\t\t\t\t<\/div>\n\t\t\t\t<\/div>\n\t\t<div class=\"elementor-element elementor-element-d9d92f1 e-con-full e-flex e-con e-child\" data-id=\"d9d92f1\" data-element_type=\"container\" data-e-type=\"container\">\n\t\t\t\t<div class=\"elementor-element elementor-element-c787463 elementor-widget elementor-widget-image\" data-id=\"c787463\" data-element_type=\"widget\" data-e-type=\"widget\" data-widget_type=\"image.default\">\n\t\t\t\t\t\t\t\t\t\t\t\t\t\t\t<img decoding=\"async\" width=\"580\" height=\"435\" src=\"https:\/\/la-reproduction-des-saigas.com\/wp-content\/uploads\/2026\/03\/S10young-male.jpg\" class=\"attachment-large size-large wp-image-334\" alt=\"\" srcset=\"https:\/\/la-reproduction-des-saigas.com\/wp-content\/uploads\/2026\/03\/S10young-male.jpg 580w, https:\/\/la-reproduction-des-saigas.com\/wp-content\/uploads\/2026\/03\/S10young-male-300x225.jpg 300w\" sizes=\"(max-width: 580px) 100vw, 580px\" \/>\t\t\t\t\t\t\t\t\t\t\t\t\t\t\t<\/div>\n\t\t\t\t<\/div>\n\t\t<div class=\"elementor-element elementor-element-10dd54d e-con-full e-flex e-con e-child\" data-id=\"10dd54d\" data-element_type=\"container\" data-e-type=\"container\">\n\t\t\t\t<div class=\"elementor-element elementor-element-8407aa6 elementor-widget elementor-widget-image\" data-id=\"8407aa6\" data-element_type=\"widget\" data-e-type=\"widget\" data-widget_type=\"image.default\">\n\t\t\t\t\t\t\t\t\t\t\t\t\t\t\t<img decoding=\"async\" width=\"275\" height=\"183\" src=\"https:\/\/la-reproduction-des-saigas.com\/wp-content\/uploads\/2026\/03\/images.jpg\" class=\"attachment-large size-large wp-image-332\" alt=\"\" \/>\t\t\t\t\t\t\t\t\t\t\t\t\t\t\t<\/div>\n\t\t\t\t<\/div>\n\t\t<div class=\"elementor-element elementor-element-8c01fd1 e-con-full e-flex e-con e-child\" data-id=\"8c01fd1\" data-element_type=\"container\" data-e-type=\"container\">\n\t\t\t\t<div class=\"elementor-element elementor-element-53fadf4 elementor-widget elementor-widget-text-editor\" data-id=\"53fadf4\" data-element_type=\"widget\" data-e-type=\"widget\" data-widget_type=\"text-editor.default\">\n\t\t\t\t\t\t\t\t\t<p><b data-path-to-node=\"8,1,0\" data-index-in-node=\"0\" style=\"caret-color: rgb(0, 0, 0); color: rgb(0, 0, 0);\">La cons\u00e9quence biologique :<\/b><span style=\"caret-color: rgb(0, 0, 0); color: rgb(0, 0, 0); font-size: medium;\">&nbsp;En ciblant uniquement les m\u00e2les, les braconniers cr\u00e9ent un d\u00e9s\u00e9quilibre catastrophique du sex-ratio. On a parfois observ\u00e9 des groupes de&nbsp;<\/span><b data-path-to-node=\"8,1,0\" data-index-in-node=\"165\" style=\"caret-color: rgb(0, 0, 0); color: rgb(0, 0, 0);\">100 femelles pour 1 seul m\u00e2le<\/b><span style=\"caret-color: rgb(0, 0, 0); color: rgb(0, 0, 0); font-size: medium;\">, ce qui rend le renouvellement des g\u00e9n\u00e9rations quasiment impossible.<\/span><br><\/p>\t\t\t\t\t\t\t\t<\/div>\n\t\t\t\t<\/div>\n\t\t\t\t\t<\/div>\n\t\t\t\t<\/div>\n\t\t<div class=\"elementor-element elementor-element-615ee5e e-con-full e-flex e-con e-parent\" data-id=\"615ee5e\" data-element_type=\"container\" data-e-type=\"container\">\n\t\t\t\t<div class=\"elementor-element elementor-element-8f124ec elementor-widget elementor-widget-text-editor\" data-id=\"8f124ec\" data-element_type=\"widget\" data-e-type=\"widget\" data-widget_type=\"text-editor.default\">\n\t\t\t\t\t\t\t\t\t<h2 style=\"caret-color: #000000; color: #000000;\" data-path-to-node=\"10\">Les \u00c9pid\u00e9mies : Une vuln\u00e9rabilit\u00e9 foudroyante<\/h2><p style=\"caret-color: #000000; color: #000000;\" data-path-to-node=\"11\">Le sa\u00efga est connu pour ses \u00ab\u00a0mortalit\u00e9s de masse\u00a0\u00bb (mass die-offs) qui peuvent d\u00e9cimer des troupeaux entiers en quelques jours.<\/p><ul style=\"caret-color: #000000; color: #000000;\" data-path-to-node=\"12\"><li><p data-path-to-node=\"12,0,0\"><b data-path-to-node=\"12,0,0\" data-index-in-node=\"0\">La bact\u00e9rie tueuse :<\/b>\u00a0En 2015, une \u00e9pid\u00e9mie de\u00a0<b data-path-to-node=\"12,0,0\" data-index-in-node=\"46\">pasteurellose<\/b>\u00a0a tu\u00e9 plus de\u00a0<b data-path-to-node=\"12,0,0\" data-index-in-node=\"74\">200 000 individus<\/b>\u00a0au Kazakhstan en moins de trois semaines.<\/p><\/li><li><p data-path-to-node=\"12,1,0\"><b data-path-to-node=\"12,1,0\" data-index-in-node=\"0\">Le facteur aggravant :<\/b>\u00a0Des chercheurs pensent que des hausses inhabituelles de temp\u00e9rature et d&rsquo;humidit\u00e9 transforment des bact\u00e9ries normalement inoffensives pr\u00e9sentes dans le nez des sa\u00efgas en agents pathog\u00e8nes mortels.<\/p><\/li><\/ul>\t\t\t\t\t\t\t\t<\/div>\n\t\t\t\t<\/div>\n\t\t<div class=\"elementor-element elementor-element-3c2fbb8 e-con-full e-flex e-con e-parent\" data-id=\"3c2fbb8\" data-element_type=\"container\" data-e-type=\"container\">\n\t\t<div class=\"elementor-element elementor-element-67ce83c e-con-full e-flex e-con e-child\" data-id=\"67ce83c\" data-element_type=\"container\" data-e-type=\"container\">\n\t\t\t\t<div class=\"elementor-element elementor-element-319e7b6 elementor-widget elementor-widget-image\" data-id=\"319e7b6\" data-element_type=\"widget\" data-e-type=\"widget\" data-widget_type=\"image.default\">\n\t\t\t\t\t\t\t\t\t\t\t\t\t\t\t<img loading=\"lazy\" decoding=\"async\" width=\"1024\" height=\"1024\" src=\"https:\/\/la-reproduction-des-saigas.com\/wp-content\/uploads\/2026\/03\/Gemini_Generated_Image_xnqoalxnqoalxnqo.png\" class=\"attachment-large size-large wp-image-363\" alt=\"\" srcset=\"https:\/\/la-reproduction-des-saigas.com\/wp-content\/uploads\/2026\/03\/Gemini_Generated_Image_xnqoalxnqoalxnqo.png 1024w, https:\/\/la-reproduction-des-saigas.com\/wp-content\/uploads\/2026\/03\/Gemini_Generated_Image_xnqoalxnqoalxnqo-300x300.png 300w, https:\/\/la-reproduction-des-saigas.com\/wp-content\/uploads\/2026\/03\/Gemini_Generated_Image_xnqoalxnqoalxnqo-150x150.png 150w, https:\/\/la-reproduction-des-saigas.com\/wp-content\/uploads\/2026\/03\/Gemini_Generated_Image_xnqoalxnqoalxnqo-768x768.png 768w\" sizes=\"(max-width: 1024px) 100vw, 1024px\" \/>\t\t\t\t\t\t\t\t\t\t\t\t\t\t\t<\/div>\n\t\t\t\t<\/div>\n\t\t<div class=\"elementor-element elementor-element-e94acaf e-con-full e-flex e-con e-child\" data-id=\"e94acaf\" data-element_type=\"container\" data-e-type=\"container\">\n\t\t\t\t<div class=\"elementor-element elementor-element-4d60037 elementor-widget elementor-widget-image\" data-id=\"4d60037\" data-element_type=\"widget\" data-e-type=\"widget\" data-widget_type=\"image.default\">\n\t\t\t\t\t\t\t\t\t\t\t\t\t\t\t<img loading=\"lazy\" decoding=\"async\" width=\"1024\" height=\"1024\" src=\"https:\/\/la-reproduction-des-saigas.com\/wp-content\/uploads\/2026\/03\/Gemini_Generated_Image_obbbwhobbbwhobbb.png\" class=\"attachment-large size-large wp-image-365\" alt=\"\" srcset=\"https:\/\/la-reproduction-des-saigas.com\/wp-content\/uploads\/2026\/03\/Gemini_Generated_Image_obbbwhobbbwhobbb.png 1024w, https:\/\/la-reproduction-des-saigas.com\/wp-content\/uploads\/2026\/03\/Gemini_Generated_Image_obbbwhobbbwhobbb-300x300.png 300w, https:\/\/la-reproduction-des-saigas.com\/wp-content\/uploads\/2026\/03\/Gemini_Generated_Image_obbbwhobbbwhobbb-150x150.png 150w, https:\/\/la-reproduction-des-saigas.com\/wp-content\/uploads\/2026\/03\/Gemini_Generated_Image_obbbwhobbbwhobbb-768x768.png 768w\" sizes=\"(max-width: 1024px) 100vw, 1024px\" \/>\t\t\t\t\t\t\t\t\t\t\t\t\t\t\t<\/div>\n\t\t\t\t<\/div>\n\t\t<div class=\"elementor-element elementor-element-60b7204 e-con-full e-flex e-con e-child\" data-id=\"60b7204\" data-element_type=\"container\" data-e-type=\"container\">\n\t\t\t\t<div class=\"elementor-element elementor-element-88f0a2c elementor-widget elementor-widget-image\" data-id=\"88f0a2c\" data-element_type=\"widget\" data-e-type=\"widget\" data-widget_type=\"image.default\">\n\t\t\t\t\t\t\t\t\t\t\t\t\t\t\t<img loading=\"lazy\" decoding=\"async\" width=\"1024\" height=\"1024\" src=\"https:\/\/la-reproduction-des-saigas.com\/wp-content\/uploads\/2026\/03\/Gemini_Generated_Image_xnqoalxnqoalxnqo-2.png\" class=\"attachment-large size-large wp-image-359\" alt=\"\" srcset=\"https:\/\/la-reproduction-des-saigas.com\/wp-content\/uploads\/2026\/03\/Gemini_Generated_Image_xnqoalxnqoalxnqo-2.png 1024w, https:\/\/la-reproduction-des-saigas.com\/wp-content\/uploads\/2026\/03\/Gemini_Generated_Image_xnqoalxnqoalxnqo-2-300x300.png 300w, https:\/\/la-reproduction-des-saigas.com\/wp-content\/uploads\/2026\/03\/Gemini_Generated_Image_xnqoalxnqoalxnqo-2-150x150.png 150w, https:\/\/la-reproduction-des-saigas.com\/wp-content\/uploads\/2026\/03\/Gemini_Generated_Image_xnqoalxnqoalxnqo-2-768x768.png 768w\" sizes=\"(max-width: 1024px) 100vw, 1024px\" \/>\t\t\t\t\t\t\t\t\t\t\t\t\t\t\t<\/div>\n\t\t\t\t<\/div>\n\t\t\t\t<\/div>\n\t\t<div class=\"elementor-element elementor-element-500b9ef e-flex e-con-boxed e-con e-parent\" data-id=\"500b9ef\" data-element_type=\"container\" data-e-type=\"container\">\n\t\t\t\t\t<div class=\"e-con-inner\">\n\t\t\t\t<div class=\"elementor-element elementor-element-e68331e elementor-widget__width-initial elementor-widget elementor-widget-text-editor\" data-id=\"e68331e\" data-element_type=\"widget\" data-e-type=\"widget\" data-widget_type=\"text-editor.default\">\n\t\t\t\t\t\t\t\t\t<h3 data-path-to-node=\"16\" style=\"caret-color: rgb(0, 0, 0); color: rgb(0, 0, 0);\">&nbsp; &nbsp; &nbsp; &nbsp; &nbsp; &nbsp; &nbsp; &nbsp; &nbsp; &nbsp; &nbsp; &nbsp; &nbsp; &nbsp; &nbsp; &nbsp; &nbsp; &nbsp; &nbsp; &nbsp; &nbsp; &nbsp; &nbsp; &nbsp; &nbsp; &nbsp; &nbsp; &nbsp; &nbsp;Les barri\u00e8res physiques<\/h3>\n<p data-path-to-node=\"17\" style=\"caret-color: rgb(0, 0, 0); color: rgb(0, 0, 0);\">Les sa\u00efgas sont de grands migrateurs. La construction de&nbsp;<b data-path-to-node=\"17\" data-index-in-node=\"57\">routes<\/b>, de&nbsp;<b data-path-to-node=\"17\" data-index-in-node=\"68\">voies ferr\u00e9es<\/b>&nbsp;et de&nbsp;<b data-path-to-node=\"17\" data-index-in-node=\"88\">cl\u00f4tures frontali\u00e8res<\/b>&nbsp;bloque leurs routes traditionnelles vers les p\u00e2turages d&rsquo;hiver, les condamnant parfois \u00e0 la famine.<\/p>\t\t\t\t\t\t\t\t<\/div>\n\t\t\t\t\t<\/div>\n\t\t\t\t<\/div>\n\t\t<div class=\"elementor-element elementor-element-1549183 e-flex e-con-boxed e-con e-parent\" data-id=\"1549183\" data-element_type=\"container\" data-e-type=\"container\">\n\t\t\t\t\t<div class=\"e-con-inner\">\n\t\t<div class=\"elementor-element elementor-element-404587e e-con-full e-flex e-con e-child\" data-id=\"404587e\" data-element_type=\"container\" data-e-type=\"container\">\n\t\t\t\t<div class=\"elementor-element elementor-element-75cd9a5 elementor-widget elementor-widget-image\" data-id=\"75cd9a5\" data-element_type=\"widget\" data-e-type=\"widget\" data-widget_type=\"image.default\">\n\t\t\t\t\t\t\t\t\t\t\t\t\t\t\t<img loading=\"lazy\" decoding=\"async\" width=\"1024\" height=\"1024\" src=\"https:\/\/la-reproduction-des-saigas.com\/wp-content\/uploads\/2026\/03\/Gemini_Generated_Image_xnqoalxnqoalxnqo-2.png\" class=\"attachment-large size-large wp-image-359\" alt=\"\" srcset=\"https:\/\/la-reproduction-des-saigas.com\/wp-content\/uploads\/2026\/03\/Gemini_Generated_Image_xnqoalxnqoalxnqo-2.png 1024w, https:\/\/la-reproduction-des-saigas.com\/wp-content\/uploads\/2026\/03\/Gemini_Generated_Image_xnqoalxnqoalxnqo-2-300x300.png 300w, https:\/\/la-reproduction-des-saigas.com\/wp-content\/uploads\/2026\/03\/Gemini_Generated_Image_xnqoalxnqoalxnqo-2-150x150.png 150w, https:\/\/la-reproduction-des-saigas.com\/wp-content\/uploads\/2026\/03\/Gemini_Generated_Image_xnqoalxnqoalxnqo-2-768x768.png 768w\" sizes=\"(max-width: 1024px) 100vw, 1024px\" \/>\t\t\t\t\t\t\t\t\t\t\t\t\t\t\t<\/div>\n\t\t\t\t<\/div>\n\t\t<div class=\"elementor-element elementor-element-0d63be9 e-con-full e-flex e-con e-child\" data-id=\"0d63be9\" data-element_type=\"container\" data-e-type=\"container\">\n\t\t\t\t<div class=\"elementor-element elementor-element-15b0ddd elementor-widget elementor-widget-image\" data-id=\"15b0ddd\" data-element_type=\"widget\" data-e-type=\"widget\" data-widget_type=\"image.default\">\n\t\t\t\t\t\t\t\t\t\t\t\t\t\t\t<img loading=\"lazy\" decoding=\"async\" width=\"1024\" height=\"1024\" src=\"https:\/\/la-reproduction-des-saigas.com\/wp-content\/uploads\/2026\/03\/Gemini_Generated_Image_xnqoalxnqoalxnqo.png\" class=\"attachment-large size-large wp-image-363\" alt=\"\" srcset=\"https:\/\/la-reproduction-des-saigas.com\/wp-content\/uploads\/2026\/03\/Gemini_Generated_Image_xnqoalxnqoalxnqo.png 1024w, https:\/\/la-reproduction-des-saigas.com\/wp-content\/uploads\/2026\/03\/Gemini_Generated_Image_xnqoalxnqoalxnqo-300x300.png 300w, https:\/\/la-reproduction-des-saigas.com\/wp-content\/uploads\/2026\/03\/Gemini_Generated_Image_xnqoalxnqoalxnqo-150x150.png 150w, https:\/\/la-reproduction-des-saigas.com\/wp-content\/uploads\/2026\/03\/Gemini_Generated_Image_xnqoalxnqoalxnqo-768x768.png 768w\" sizes=\"(max-width: 1024px) 100vw, 1024px\" \/>\t\t\t\t\t\t\t\t\t\t\t\t\t\t\t<\/div>\n\t\t\t\t<\/div>\n\t\t<div class=\"elementor-element elementor-element-b85818b e-con-full e-flex e-con e-child\" data-id=\"b85818b\" data-element_type=\"container\" data-e-type=\"container\">\n\t\t\t\t<div class=\"elementor-element elementor-element-efc995e elementor-widget elementor-widget-heading\" data-id=\"efc995e\" data-element_type=\"widget\" data-e-type=\"widget\" data-widget_type=\"heading.default\">\n\t\t\t\t\t<h2 class=\"elementor-heading-title elementor-size-default\"><b><span style=\"white-space: normal;font-size: medium\">Hivers rigoureux (Dzut) :<\/span><\/b><br><br><br><br><br><br><br><br><br><br><br><br><br><br><br><br><br><br><br><br><br><span style=\"font-weight: 400;text-align: start;white-space: normal;font-size: medium\">Des \u00e9pisodes de gel intense emp\u00eachent&nbsp;<\/span><br><br><br><br><br><br><br><br><br><br><br><br><br><br><br><br><br><span style=\"font-weight: 400;text-align: start;white-space: normal;font-size: medium\">les animaux d'acc\u00e9der \u00e0 l'herbe sous la neige.<\/span><\/h2>\t\t\t\t<\/div>\n\t\t\t\t<\/div>\n\t\t<div class=\"elementor-element elementor-element-eb762a0 e-con-full e-flex e-con e-child\" data-id=\"eb762a0\" data-element_type=\"container\" data-e-type=\"container\">\n\t\t\t\t<div class=\"elementor-element elementor-element-d93c6f8 elementor-widget elementor-widget-text-editor\" data-id=\"d93c6f8\" data-element_type=\"widget\" data-e-type=\"widget\" data-widget_type=\"text-editor.default\">\n\t\t\t\t\t\t\t\t\t<p><b data-path-to-node=\"19,1,0\" data-index-in-node=\"0\" style=\"caret-color: rgb(0, 0, 0); color: rgb(0, 0, 0);\">S\u00e9cheresses<\/b><b data-path-to-node=\"19,1,0\" data-index-in-node=\"0\" style=\"font-family: var( --e-global-typography-text-font-family ), Sans-serif; font-size: var(--wp--preset--font-size--medium); text-align: start; caret-color: rgb(0, 0, 0); color: rgb(0, 0, 0);\">&nbsp;:<\/b><span style=\"font-family: var( --e-global-typography-text-font-family ), Sans-serif; text-align: start; caret-color: rgb(0, 0, 0); color: rgb(0, 0, 0); font-size: medium;\">&nbsp;<\/span><\/p><p><span style=\"font-family: var( --e-global-typography-text-font-family ), Sans-serif; text-align: start; caret-color: rgb(0, 0, 0); color: rgb(0, 0, 0); font-size: medium;\">Elles r\u00e9duisent les points d&rsquo;eau et la qualit\u00e9 du fourrage, affaiblissant les m\u00e8res avant la mise bas.<\/span><\/p>\t\t\t\t\t\t\t\t<\/div>\n\t\t\t\t<\/div>\n\t\t\t\t\t<\/div>\n\t\t\t\t<\/div>\n\t\t\t\t<\/div>\n\t\t","protected":false},"excerpt":{"rendered":"<p>Le sa\u00efga (Saiga tatarica) est actuellement class\u00e9&nbsp;\u00ab\u00a0En danger\u00a0\u00bb&nbsp;(et a longtemps \u00e9t\u00e9 en danger critique d&rsquo;extinction) par l&rsquo;UICN. Sa survie ne tient qu&rsquo;\u00e0 un fil face \u00e0 trois menaces majeures qui agissent souvent de concert. https:\/\/www.youtube.com\/watch?v=javqmExO7Vs Le Braconnage le poids des traditions Le braconnage n&rsquo;est pas qu&rsquo;une question de viande, c&rsquo;est avant tout un trafic international. [&hellip;]<\/p>\n","protected":false},"author":1,"featured_media":0,"parent":0,"menu_order":0,"comment_status":"closed","ping_status":"closed","template":"","meta":{"footnotes":""},"class_list":["post-270","page","type-page","status-publish","hentry"],"_links":{"self":[{"href":"https:\/\/la-reproduction-des-saigas.com\/index.php\/wp-json\/wp\/v2\/pages\/270","targetHints":{"allow":["GET"]}}],"collection":[{"href":"https:\/\/la-reproduction-des-saigas.com\/index.php\/wp-json\/wp\/v2\/pages"}],"about":[{"href":"https:\/\/la-reproduction-des-saigas.com\/index.php\/wp-json\/wp\/v2\/types\/page"}],"author":[{"embeddable":true,"href":"https:\/\/la-reproduction-des-saigas.com\/index.php\/wp-json\/wp\/v2\/users\/1"}],"replies":[{"embeddable":true,"href":"https:\/\/la-reproduction-des-saigas.com\/index.php\/wp-json\/wp\/v2\/comments?post=270"}],"version-history":[{"count":7,"href":"https:\/\/la-reproduction-des-saigas.com\/index.php\/wp-json\/wp\/v2\/pages\/270\/revisions"}],"predecessor-version":[{"id":471,"href":"https:\/\/la-reproduction-des-saigas.com\/index.php\/wp-json\/wp\/v2\/pages\/270\/revisions\/471"}],"wp:attachment":[{"href":"https:\/\/la-reproduction-des-saigas.com\/index.php\/wp-json\/wp\/v2\/media?parent=270"}],"curies":[{"name":"wp","href":"https:\/\/api.w.org\/{rel}","templated":true}]}}