{"id":248,"date":"2026-02-20T14:21:31","date_gmt":"2026-02-20T14:21:31","guid":{"rendered":"https:\/\/la-reproduction-des-saigas.com\/?page_id=248"},"modified":"2026-04-03T07:40:37","modified_gmt":"2026-04-03T07:40:37","slug":"naissance","status":"publish","type":"page","link":"https:\/\/la-reproduction-des-saigas.com\/index.php\/naissance\/","title":{"rendered":"Naissance"},"content":{"rendered":"\t\t<div data-elementor-type=\"wp-page\" data-elementor-id=\"248\" class=\"elementor elementor-248\">\n\t\t\t\t<div class=\"elementor-element elementor-element-9e679c5 e-grid e-con-full e-con e-parent\" data-id=\"9e679c5\" data-element_type=\"container\" data-e-type=\"container\">\n\t\t\t\t<div class=\"elementor-element elementor-element-bcb62d6 elementor-widget elementor-widget-text-editor\" data-id=\"bcb62d6\" data-element_type=\"widget\" data-e-type=\"widget\" data-widget_type=\"text-editor.default\">\n\t\t\t\t\t\t\t\t\t<p>La naissance des sa\u00efgas est un moment essentiel pour la survie de cette esp\u00e8ce embl\u00e9matique des steppes d\u2019Asie centrale. Apr\u00e8s une p\u00e9riode de gestation d\u2019environ cinq mois, les femelles mettent bas au printemps, g\u00e9n\u00e9ralement entre fin avril et d\u00e9but juin. Cette p\u00e9riode est strat\u00e9gique : l\u2019herbe des steppes recommence \u00e0 pousser et offre ainsi une nourriture abondante aux m\u00e8res et aux jeunes.<\/p>\t\t\t\t\t\t\t\t<\/div>\n\t\t\t\t<div class=\"elementor-element elementor-element-fa3424d elementor-widget elementor-widget-image\" data-id=\"fa3424d\" data-element_type=\"widget\" data-e-type=\"widget\" data-widget_type=\"image.default\">\n\t\t\t\t\t\t\t\t\t\t\t\t\t\t\t<img fetchpriority=\"high\" decoding=\"async\" width=\"635\" height=\"423\" src=\"https:\/\/la-reproduction-des-saigas.com\/wp-content\/uploads\/2026\/03\/baby-saigas-credit-eugene-polonsky.jpg\" class=\"attachment-large size-large wp-image-331\" alt=\"\" srcset=\"https:\/\/la-reproduction-des-saigas.com\/wp-content\/uploads\/2026\/03\/baby-saigas-credit-eugene-polonsky.jpg 635w, https:\/\/la-reproduction-des-saigas.com\/wp-content\/uploads\/2026\/03\/baby-saigas-credit-eugene-polonsky-300x200.jpg 300w\" sizes=\"(max-width: 635px) 100vw, 635px\" \/>\t\t\t\t\t\t\t\t\t\t\t\t\t\t\t<\/div>\n\t\t\t\t<div class=\"elementor-element elementor-element-2407913 elementor-widget elementor-widget-image\" data-id=\"2407913\" data-element_type=\"widget\" data-e-type=\"widget\" data-widget_type=\"image.default\">\n\t\t\t\t\t\t\t\t\t\t\t\t\t\t\t<img decoding=\"async\" width=\"580\" height=\"435\" src=\"https:\/\/la-reproduction-des-saigas.com\/wp-content\/uploads\/2026\/03\/S10young-male.jpg\" class=\"attachment-large size-large wp-image-334\" alt=\"\" srcset=\"https:\/\/la-reproduction-des-saigas.com\/wp-content\/uploads\/2026\/03\/S10young-male.jpg 580w, https:\/\/la-reproduction-des-saigas.com\/wp-content\/uploads\/2026\/03\/S10young-male-300x225.jpg 300w\" sizes=\"(max-width: 580px) 100vw, 580px\" \/>\t\t\t\t\t\t\t\t\t\t\t\t\t\t\t<\/div>\n\t\t\t\t<div class=\"elementor-element elementor-element-957085a elementor-widget elementor-widget-text-editor\" data-id=\"957085a\" data-element_type=\"widget\" data-e-type=\"widget\" data-widget_type=\"text-editor.default\">\n\t\t\t\t\t\t\t\t\t<p>Les femelles sa\u00efgas se regroupent alors dans de vastes zones de mise bas pouvant rassembler des centaines, voire des milliers d\u2019individus. Dans la majorit\u00e9 des cas, une femelle donne naissance \u00e0 deux petits, appel\u00e9s faons, ce qui permet \u00e0 l\u2019esp\u00e8ce de compenser les nombreuses menaces auxquelles elle est confront\u00e9e. \u00c0 la naissance, les petits sa\u00efgas sont capables de se tenir debout en quelques minutes seulement, un avantage crucial pour \u00e9chapper aux pr\u00e9dateurs.\u200b<\/p>\t\t\t\t\t\t\t\t<\/div>\n\t\t\t\t<\/div>\n\t\t<div class=\"elementor-element elementor-element-00e1c48 e-grid e-con-boxed e-con e-parent\" data-id=\"00e1c48\" data-element_type=\"container\" data-e-type=\"container\">\n\t\t\t\t\t<div class=\"e-con-inner\">\n\t\t\t\t<div class=\"elementor-element elementor-element-c258f93 elementor-widget elementor-widget-image\" data-id=\"c258f93\" data-element_type=\"widget\" data-e-type=\"widget\" data-widget_type=\"image.default\">\n\t\t\t\t\t\t\t\t\t\t\t\t\t\t\t<img decoding=\"async\" width=\"1024\" height=\"576\" src=\"https:\/\/la-reproduction-des-saigas.com\/wp-content\/uploads\/2026\/04\/1-1-1024x576.jpg\" class=\"attachment-large size-large wp-image-585\" alt=\"\" srcset=\"https:\/\/la-reproduction-des-saigas.com\/wp-content\/uploads\/2026\/04\/1-1-1024x576.jpg 1024w, https:\/\/la-reproduction-des-saigas.com\/wp-content\/uploads\/2026\/04\/1-1-300x169.jpg 300w, https:\/\/la-reproduction-des-saigas.com\/wp-content\/uploads\/2026\/04\/1-1-768x432.jpg 768w, https:\/\/la-reproduction-des-saigas.com\/wp-content\/uploads\/2026\/04\/1-1.jpg 1280w\" sizes=\"(max-width: 1024px) 100vw, 1024px\" \/>\t\t\t\t\t\t\t\t\t\t\t\t\t\t\t<\/div>\n\t\t\t\t<div class=\"elementor-element elementor-element-b173da1 elementor-widget elementor-widget-image\" data-id=\"b173da1\" data-element_type=\"widget\" data-e-type=\"widget\" data-widget_type=\"image.default\">\n\t\t\t\t\t\t\t\t\t\t\t\t\t\t\t<img decoding=\"async\" src=\"https:\/\/la-reproduction-des-saigas.com\/wp-content\/uploads\/2026\/04\/2.jpg\" title=\"2\" alt=\"Kid Saiga tatarica is listed in the Red Book, Chyornye Zemli (Black Lands) Nature Reserve, Kalmykia region, Russia.\" loading=\"lazy\" \/>\t\t\t\t\t\t\t\t\t\t\t\t\t\t\t<\/div>\n\t\t\t\t<div class=\"elementor-element elementor-element-eaeda70 elementor-widget elementor-widget-image\" data-id=\"eaeda70\" data-element_type=\"widget\" data-e-type=\"widget\" data-widget_type=\"image.default\">\n\t\t\t\t\t\t\t\t\t\t\t\t\t\t\t<img loading=\"lazy\" decoding=\"async\" width=\"1024\" height=\"607\" src=\"https:\/\/la-reproduction-des-saigas.com\/wp-content\/uploads\/2026\/04\/3-1024x607.jpg\" class=\"attachment-large size-large wp-image-587\" alt=\"\" srcset=\"https:\/\/la-reproduction-des-saigas.com\/wp-content\/uploads\/2026\/04\/3-1024x607.jpg 1024w, https:\/\/la-reproduction-des-saigas.com\/wp-content\/uploads\/2026\/04\/3-300x178.jpg 300w, https:\/\/la-reproduction-des-saigas.com\/wp-content\/uploads\/2026\/04\/3-768x455.jpg 768w, https:\/\/la-reproduction-des-saigas.com\/wp-content\/uploads\/2026\/04\/3-1536x911.jpg 1536w, https:\/\/la-reproduction-des-saigas.com\/wp-content\/uploads\/2026\/04\/3.jpg 2048w\" sizes=\"(max-width: 1024px) 100vw, 1024px\" \/>\t\t\t\t\t\t\t\t\t\t\t\t\t\t\t<\/div>\n\t\t\t\t\t<\/div>\n\t\t\t\t<\/div>\n\t\t<div class=\"elementor-element elementor-element-ebf53dd e-grid e-con-boxed e-con e-parent\" data-id=\"ebf53dd\" data-element_type=\"container\" data-e-type=\"container\">\n\t\t\t\t\t<div class=\"e-con-inner\">\n\t\t\t\t<div class=\"elementor-element elementor-element-653b75c elementor-widget elementor-widget-text-editor\" data-id=\"653b75c\" data-element_type=\"widget\" data-e-type=\"widget\" data-widget_type=\"text-editor.default\">\n\t\t\t\t\t\t\t\t\t<p>Durant leurs premiers jours de vie, ils restent toutefois immobiles dans l\u2019herbe, leur pelage clair leur permettant de se camoufler dans le paysage de la steppe. La m\u00e8re revient r\u00e9guli\u00e8rement pour les allaiter tout en restant vigilante face aux dangers. Apr\u00e8s quelques jours, les jeunes commencent \u00e0 suivre le troupeau et apprennent progressivement \u00e0 courir aux c\u00f4t\u00e9s des adultes.\u200b<\/p>\t\t\t\t\t\t\t\t<\/div>\n\t\t\t\t\t<\/div>\n\t\t\t\t<\/div>\n\t\t<div class=\"elementor-element elementor-element-4efe357c e-flex e-con-boxed e-con e-parent\" data-id=\"4efe357c\" data-element_type=\"container\" data-e-type=\"container\">\n\t\t\t\t\t<div class=\"e-con-inner\">\n\t\t\t\t\t<\/div>\n\t\t\t\t<\/div>\n\t\t\t\t<\/div>\n\t\t","protected":false},"excerpt":{"rendered":"<p>La naissance des sa\u00efgas est un moment essentiel pour la survie de cette esp\u00e8ce embl\u00e9matique des steppes d\u2019Asie centrale. Apr\u00e8s une p\u00e9riode de gestation d\u2019environ cinq mois, les femelles mettent bas au printemps, g\u00e9n\u00e9ralement entre fin avril et d\u00e9but juin. Cette p\u00e9riode est strat\u00e9gique : l\u2019herbe des steppes recommence \u00e0 pousser et offre ainsi une [&hellip;]<\/p>\n","protected":false},"author":1,"featured_media":0,"parent":0,"menu_order":0,"comment_status":"closed","ping_status":"closed","template":"","meta":{"footnotes":""},"class_list":["post-248","page","type-page","status-publish","hentry"],"_links":{"self":[{"href":"https:\/\/la-reproduction-des-saigas.com\/index.php\/wp-json\/wp\/v2\/pages\/248","targetHints":{"allow":["GET"]}}],"collection":[{"href":"https:\/\/la-reproduction-des-saigas.com\/index.php\/wp-json\/wp\/v2\/pages"}],"about":[{"href":"https:\/\/la-reproduction-des-saigas.com\/index.php\/wp-json\/wp\/v2\/types\/page"}],"author":[{"embeddable":true,"href":"https:\/\/la-reproduction-des-saigas.com\/index.php\/wp-json\/wp\/v2\/users\/1"}],"replies":[{"embeddable":true,"href":"https:\/\/la-reproduction-des-saigas.com\/index.php\/wp-json\/wp\/v2\/comments?post=248"}],"version-history":[{"count":17,"href":"https:\/\/la-reproduction-des-saigas.com\/index.php\/wp-json\/wp\/v2\/pages\/248\/revisions"}],"predecessor-version":[{"id":599,"href":"https:\/\/la-reproduction-des-saigas.com\/index.php\/wp-json\/wp\/v2\/pages\/248\/revisions\/599"}],"wp:attachment":[{"href":"https:\/\/la-reproduction-des-saigas.com\/index.php\/wp-json\/wp\/v2\/media?parent=248"}],"curies":[{"name":"wp","href":"https:\/\/api.w.org\/{rel}","templated":true}]}}